{"id":1083,"date":"2022-10-04T16:12:00","date_gmt":"2022-10-04T13:12:00","guid":{"rendered":"https:\/\/jusserissanen.fi\/?page_id=1083"},"modified":"2025-10-09T11:00:50","modified_gmt":"2025-10-09T08:00:50","slug":"perustaja","status":"publish","type":"page","link":"https:\/\/jusserissanen.fi\/en\/perustaja\/","title":{"rendered":"Founder"},"content":{"rendered":"<div data-elementor-type=\"wp-page\" data-elementor-id=\"1083\" class=\"elementor elementor-1083\">\n\t\t\t\t\t\t<section class=\"elementor-section elementor-top-section elementor-element elementor-element-2f236251 elementor-section-boxed elementor-section-height-default elementor-section-height-default\" data-id=\"2f236251\" data-element_type=\"section\" data-settings=\"{&quot;background_background&quot;:&quot;classic&quot;}\">\n\t\t\t\t\t\t<div class=\"elementor-container elementor-column-gap-default\">\n\t\t\t\t\t<div class=\"elementor-column elementor-col-100 elementor-top-column elementor-element elementor-element-1c35f766\" data-id=\"1c35f766\" data-element_type=\"column\">\n\t\t\t<div class=\"elementor-widget-wrap elementor-element-populated\">\n\t\t\t\t\t\t<div class=\"elementor-element elementor-element-2aec3453 elementor-widget elementor-widget-heading\" data-id=\"2aec3453\" data-element_type=\"widget\" data-widget_type=\"heading.default\">\n\t\t\t\t<div class=\"elementor-widget-container\">\n\t\t\t\t\t<h2 class=\"elementor-heading-title elementor-size-default\">\/asianajaja\/<\/h2>\t\t\t\t<\/div>\n\t\t\t\t<\/div>\n\t\t\t\t<div class=\"elementor-element elementor-element-1aacba25 elementor-widget elementor-widget-heading\" data-id=\"1aacba25\" data-element_type=\"widget\" data-widget_type=\"heading.default\">\n\t\t\t\t<div class=\"elementor-widget-container\">\n\t\t\t\t\t<h1 class=\"elementor-heading-title elementor-size-default\">Jusse Rissanen<\/h1>\t\t\t\t<\/div>\n\t\t\t\t<\/div>\n\t\t\t\t<div class=\"elementor-element elementor-element-9e91e92 elementor-widget elementor-widget-text-editor\" data-id=\"9e91e92\" data-element_type=\"widget\" data-widget_type=\"text-editor.default\">\n\t\t\t\t<div class=\"elementor-widget-container\">\n\t\t\t\t\t\t\t\t\t<p><strong>Tel: +358 400 416 338 \/ <\/strong><strong>Email: jusse@rissanenlaw.fi<\/strong><\/p>\t\t\t\t\t\t\t\t<\/div>\n\t\t\t\t<\/div>\n\t\t\t\t<section class=\"elementor-section elementor-inner-section elementor-element elementor-element-1c20ad9 elementor-section-boxed elementor-section-height-default elementor-section-height-default\" data-id=\"1c20ad9\" data-element_type=\"section\">\n\t\t\t\t\t\t<div class=\"elementor-container elementor-column-gap-default\">\n\t\t\t\t\t<div class=\"elementor-column elementor-col-50 elementor-inner-column elementor-element elementor-element-30dfbec\" data-id=\"30dfbec\" data-element_type=\"column\">\n\t\t\t<div class=\"elementor-widget-wrap elementor-element-populated\">\n\t\t\t\t\t\t<div class=\"elementor-element elementor-element-a5314a1 elementor-absolute elementor-widget__width-initial elementor-widget elementor-widget-image\" data-id=\"a5314a1\" data-element_type=\"widget\" data-settings=\"{&quot;_position&quot;:&quot;absolute&quot;}\" data-widget_type=\"image.default\">\n\t\t\t\t<div class=\"elementor-widget-container\">\n\t\t\t\t\t\t\t\t\t\t\t\t\t\t\t<img decoding=\"async\" src=\"https:\/\/jusserissanen.fi\/wp-content\/uploads\/elementor\/thumbs\/JR-2-23.9.2025-rcbr3x5kvzv603ze3g47am7tdiw1y813nea16ff09g.jpg\" title=\"JR_2\" alt=\"JR_2\" loading=\"lazy\" \/>\t\t\t\t\t\t\t\t\t\t\t\t\t\t\t<\/div>\n\t\t\t\t<\/div>\n\t\t\t\t\t<\/div>\n\t\t<\/div>\n\t\t\t\t<div class=\"elementor-column elementor-col-50 elementor-inner-column elementor-element elementor-element-9a089be\" data-id=\"9a089be\" data-element_type=\"column\">\n\t\t\t<div class=\"elementor-widget-wrap elementor-element-populated\">\n\t\t\t\t\t\t<div class=\"elementor-element elementor-element-779e1b9 elementor-widget elementor-widget-text-editor\" data-id=\"779e1b9\" data-element_type=\"widget\" data-widget_type=\"text-editor.default\">\n\t\t\t\t<div class=\"elementor-widget-container\">\n\t\t\t\t\t\t\t\t\t<p>Asianajaja Jusse Rissasella on yli kahdenkymmenen vuoden monipuolinen kokemus juristin teht\u00e4vist\u00e4 eri asianajotoimistoissa. Ennen oman toimiston perustamista h\u00e4n toimi osakkaana yhdess\u00e4 Suomen vanhimmista asianajotoimistoista. Jusse on ker\u00e4nnyt laaja-alaista kokemusta eri oikeudenaloilta toimiessaan eri asiantuntijaryhmiss\u00e4 sek\u00e4 muun muassa vet\u00e4en suuremman asianajotoimiston ty\u00f6oikeusryhm\u00e4\u00e4. H\u00e4nell\u00e4 on my\u00f6s pitk\u00e4 kokemus vaativien oikeudenk\u00e4yntien hoitamisesta.<\/p><p>Jusse on keskittynyt palvelemaan yrityksi\u00e4 ja yhteis\u00f6j\u00e4 laaja-alaisesti eri oikeudellisissa kysymyksiss\u00e4. H\u00e4n neuvoo ja avustaa s\u00e4\u00e4nn\u00f6llisesti niin kotimaisia kuin kansainv\u00e4lisi\u00e4 yrityksi\u00e4 sek\u00e4 yhteis\u00f6j\u00e4 ja niiden henkil\u00f6st\u00f6\u00e4.\u00a0<span style=\"font-style: inherit; font-weight: inherit; background-color: var( --e-global-color-e072c38 ); color: var(--ast-global-color-3);\">Jussella on erityisen vahva kiinnitys saksankieliseen alueeseen opiskeltuaan ja ty\u00f6skennelty\u00e4\u00e4n alueella aikaisemmin.<\/span><\/p><p><span style=\"font-style: inherit; font-weight: inherit; background-color: var( --e-global-color-e072c38 ); color: var(--ast-global-color-3);\">Jusse toimi pitk\u00e4\u00e4n Suomen Asianajajaliiton Siviiliprosessioikeuden asiantuntijaryhm\u00e4n j\u00e4senen\u00e4. H\u00e4n my\u00f6s opettaa s\u00e4\u00e4nn\u00f6llisesti Helsingin yliopiston oikeustieteellisess\u00e4 tiedekunnassa.<\/span><\/p><p>Jusse palvelee asiakkaita suomen, englannin ja saksan kielell\u00e4.<\/p>\t\t\t\t\t\t\t\t<\/div>\n\t\t\t\t<\/div>\n\t\t\t\t\t<\/div>\n\t\t<\/div>\n\t\t\t\t\t<\/div>\n\t\t<\/section>\n\t\t\t\t\t<\/div>\n\t\t<\/div>\n\t\t\t\t\t<\/div>\n\t\t<\/section>\n\t\t\t\t<section class=\"elementor-section elementor-top-section elementor-element elementor-element-a3a9e38 elementor-section-content-middle elementor-reverse-mobile elementor-section-boxed elementor-section-height-default elementor-section-height-default\" data-id=\"a3a9e38\" data-element_type=\"section\">\n\t\t\t\t\t\t<div class=\"elementor-container elementor-column-gap-no\">\n\t\t\t\t\t<div class=\"elementor-column elementor-col-50 elementor-top-column elementor-element elementor-element-2c1ab35\" data-id=\"2c1ab35\" data-element_type=\"column\">\n\t\t\t<div class=\"elementor-widget-wrap elementor-element-populated\">\n\t\t\t\t\t\t<div class=\"elementor-element elementor-element-739f55f elementor-widget elementor-widget-google_maps\" data-id=\"739f55f\" data-element_type=\"widget\" data-widget_type=\"google_maps.default\">\n\t\t\t\t<div class=\"elementor-widget-container\">\n\t\t\t\t\t\t\t<div class=\"elementor-custom-embed\">\n\t\t\t<iframe loading=\"lazy\"\n\t\t\t\t\tsrc=\"https:\/\/maps.google.com\/maps?q=Antinkatu%203%20D%2C%2000100%20Helsinki&#038;t=m&#038;z=18&#038;output=embed&#038;iwloc=near\"\n\t\t\t\t\ttitle=\"Antinkatu 3 D, 00100 Helsinki\"\n\t\t\t\t\taria-label=\"Antinkatu 3 D, 00100 Helsinki\"\n\t\t\t><\/iframe>\n\t\t<\/div>\n\t\t\t\t\t\t<\/div>\n\t\t\t\t<\/div>\n\t\t\t\t\t<\/div>\n\t\t<\/div>\n\t\t\t\t<div class=\"elementor-column elementor-col-50 elementor-top-column elementor-element elementor-element-ba2853c\" data-id=\"ba2853c\" data-element_type=\"column\">\n\t\t\t<div class=\"elementor-widget-wrap elementor-element-populated\">\n\t\t\t\t\t\t<section class=\"elementor-section elementor-inner-section elementor-element elementor-element-c2c4081 elementor-section-boxed elementor-section-height-default elementor-section-height-default\" data-id=\"c2c4081\" data-element_type=\"section\">\n\t\t\t\t\t\t<div class=\"elementor-container elementor-column-gap-default\">\n\t\t\t\t\t<div class=\"elementor-column elementor-col-50 elementor-inner-column elementor-element elementor-element-74788b8\" data-id=\"74788b8\" data-element_type=\"column\">\n\t\t\t<div class=\"elementor-widget-wrap elementor-element-populated\">\n\t\t\t\t\t\t<div class=\"elementor-element elementor-element-97f71a4 elementor-widget-tablet__width-initial elementor-widget elementor-widget-heading\" data-id=\"97f71a4\" data-element_type=\"widget\" data-widget_type=\"heading.default\">\n\t\t\t\t<div class=\"elementor-widget-container\">\n\t\t\t\t\t<div class=\"elementor-heading-title elementor-size-default\">ASIANAJOTOIMISTO JUSSE RISSANEN OY<\/div>\t\t\t\t<\/div>\n\t\t\t\t<\/div>\n\t\t\t\t<div class=\"elementor-element elementor-element-7d22513 elementor-widget elementor-widget-text-editor\" data-id=\"7d22513\" data-element_type=\"widget\" data-widget_type=\"text-editor.default\">\n\t\t\t\t<div class=\"elementor-widget-container\">\n\t\t\t\t\t\t\t\t\t<p>T: +358 400 416 338<\/p><p>E: jusse@rissanenlaw.fi<\/p><p>A: Antinkatu 3 D 7 krs<br \/><span style=\"font-style: inherit; font-weight: inherit; background-color: var(--ast-global-color-5);\">00100 Helsinki<\/span><\/p><p>Toimisto: office@jusserissanen.fi<\/p><p><span style=\"font-style: inherit; font-weight: inherit; background-color: var(--ast-global-color-5);\">Business ID: 2952202-1<\/span><\/p><p><span style=\"font-style: inherit; font-weight: inherit; background-color: var(--ast-global-color-5);\">Registered Domicile: Helsinki, Finland<\/span><\/p>\t\t\t\t\t\t\t\t<\/div>\n\t\t\t\t<\/div>\n\t\t\t\t\t<\/div>\n\t\t<\/div>\n\t\t\t\t<div class=\"elementor-column elementor-col-50 elementor-inner-column elementor-element elementor-element-7bc8852\" data-id=\"7bc8852\" data-element_type=\"column\">\n\t\t\t<div class=\"elementor-widget-wrap elementor-element-populated\">\n\t\t\t\t\t\t<div class=\"elementor-element elementor-element-703ba2d elementor-widget elementor-widget-image\" data-id=\"703ba2d\" data-element_type=\"widget\" data-widget_type=\"image.default\">\n\t\t\t\t<div class=\"elementor-widget-container\">\n\t\t\t\t\t\t\t\t\t\t\t\t\t\t\t<img fetchpriority=\"high\" decoding=\"async\" width=\"1020\" height=\"1020\" src=\"https:\/\/jusserissanen.fi\/wp-content\/uploads\/2020\/03\/logo-2.jpg\" class=\"attachment-large size-large wp-image-744\" alt=\"\" srcset=\"https:\/\/jusserissanen.fi\/wp-content\/uploads\/2020\/03\/logo-2.jpg 1020w, https:\/\/jusserissanen.fi\/wp-content\/uploads\/2020\/03\/logo-2-300x300.jpg 300w, https:\/\/jusserissanen.fi\/wp-content\/uploads\/2020\/03\/logo-2-150x150.jpg 150w, https:\/\/jusserissanen.fi\/wp-content\/uploads\/2020\/03\/logo-2-768x768.jpg 768w\" sizes=\"(max-width: 1020px) 100vw, 1020px\" \/>\t\t\t\t\t\t\t\t\t\t\t\t\t\t\t<\/div>\n\t\t\t\t<\/div>\n\t\t\t\t<div class=\"elementor-element elementor-element-7d03132 elementor-shape-square e-grid-align-left elementor-grid-0 elementor-widget elementor-widget-social-icons\" data-id=\"7d03132\" data-element_type=\"widget\" data-widget_type=\"social-icons.default\">\n\t\t\t\t<div class=\"elementor-widget-container\">\n\t\t\t\t\t\t\t<div class=\"elementor-social-icons-wrapper elementor-grid\">\n\t\t\t\t\t\t\t<span class=\"elementor-grid-item\">\n\t\t\t\t\t<a class=\"elementor-icon elementor-social-icon elementor-social-icon-twitter elementor-animation-grow elementor-repeater-item-914746e\" href=\"https:\/\/twitter.com\/jusserissanen\" target=\"_blank\">\n\t\t\t\t\t\t<span class=\"elementor-screen-only\">Twitter<\/span>\n\t\t\t\t\t\t<i aria-hidden=\"true\" class=\"fab fa-twitter\"><\/i>\t\t\t\t\t<\/a>\n\t\t\t\t<\/span>\n\t\t\t\t\t<\/div>\n\t\t\t\t\t\t<\/div>\n\t\t\t\t<\/div>\n\t\t\t\t\t<\/div>\n\t\t<\/div>\n\t\t\t\t\t<\/div>\n\t\t<\/section>\n\t\t\t\t\t<\/div>\n\t\t<\/div>\n\t\t\t\t\t<\/div>\n\t\t<\/section>\n\t\t\t\t<section class=\"elementor-section elementor-top-section elementor-element elementor-element-9774ca3 elementor-section-boxed elementor-section-height-default elementor-section-height-default\" data-id=\"9774ca3\" data-element_type=\"section\">\n\t\t\t\t\t\t<div class=\"elementor-container elementor-column-gap-default\">\n\t\t\t\t\t<div class=\"elementor-column elementor-col-100 elementor-top-column elementor-element elementor-element-6d5aad8\" data-id=\"6d5aad8\" data-element_type=\"column\">\n\t\t\t<div class=\"elementor-widget-wrap elementor-element-populated\">\n\t\t\t\t\t\t<div class=\"elementor-element elementor-element-9b6fdce elementor-widget elementor-widget-spacer\" data-id=\"9b6fdce\" data-element_type=\"widget\" data-widget_type=\"spacer.default\">\n\t\t\t\t<div class=\"elementor-widget-container\">\n\t\t\t\t\t\t\t<div class=\"elementor-spacer\">\n\t\t\t<div class=\"elementor-spacer-inner\"><\/div>\n\t\t<\/div>\n\t\t\t\t\t\t<\/div>\n\t\t\t\t<\/div>\n\t\t\t\t\t<\/div>\n\t\t<\/div>\n\t\t\t\t\t<\/div>\n\t\t<\/section>\n\t\t\t\t<\/div>","protected":false},"excerpt":{"rendered":"<p>\/asianajaja\/ Jusse Rissanen Tel: +358 400 416 338 \/ Email: jusse@rissanenlaw.fi Asianajaja Jusse Rissasella on yli kahdenkymmenen vuoden monipuolinen kokemus juristin teht\u00e4vist\u00e4 eri asianajotoimistoissa. Ennen oman toimiston perustamista h\u00e4n toimi osakkaana yhdess\u00e4 Suomen vanhimmista asianajotoimistoista. Jusse on ker\u00e4nnyt laaja-alaista kokemusta eri oikeudenaloilta toimiessaan eri asiantuntijaryhmiss\u00e4 sek\u00e4 muun muassa vet\u00e4en suuremman asianajotoimiston ty\u00f6oikeusryhm\u00e4\u00e4. H\u00e4nell\u00e4 on my\u00f6s [&hellip;]<\/p>","protected":false},"author":1,"featured_media":0,"parent":0,"menu_order":0,"comment_status":"closed","ping_status":"closed","template":"elementor_header_footer","meta":{"_uag_custom_page_level_css":"","site-sidebar-layout":"default","site-content-layout":"","ast-site-content-layout":"default","site-content-style":"default","site-sidebar-style":"default","ast-global-header-display":"","ast-banner-title-visibility":"","ast-main-header-display":"","ast-hfb-above-header-display":"","ast-hfb-below-header-display":"","ast-hfb-mobile-header-display":"","site-post-title":"","ast-breadcrumbs-content":"","ast-featured-img":"","footer-sml-layout":"","theme-transparent-header-meta":"","adv-header-id-meta":"","stick-header-meta":"","header-above-stick-meta":"","header-main-stick-meta":"","header-below-stick-meta":"","astra-migrate-meta-layouts":"default","ast-page-background-enabled":"default","ast-page-background-meta":{"desktop":{"background-color":"var(--ast-global-color-4)","background-image":"","background-repeat":"repeat","background-position":"center center","background-size":"auto","background-attachment":"scroll","background-type":"","background-media":"","overlay-type":"","overlay-color":"","overlay-opacity":"","overlay-gradient":""},"tablet":{"background-color":"","background-image":"","background-repeat":"repeat","background-position":"center center","background-size":"auto","background-attachment":"scroll","background-type":"","background-media":"","overlay-type":"","overlay-color":"","overlay-opacity":"","overlay-gradient":""},"mobile":{"background-color":"","background-image":"","background-repeat":"repeat","background-position":"center center","background-size":"auto","background-attachment":"scroll","background-type":"","background-media":"","overlay-type":"","overlay-color":"","overlay-opacity":"","overlay-gradient":""}},"ast-content-background-meta":{"desktop":{"background-color":"var(--ast-global-color-5)","background-image":"","background-repeat":"repeat","background-position":"center center","background-size":"auto","background-attachment":"scroll","background-type":"","background-media":"","overlay-type":"","overlay-color":"","overlay-opacity":"","overlay-gradient":""},"tablet":{"background-color":"var(--ast-global-color-5)","background-image":"","background-repeat":"repeat","background-position":"center center","background-size":"auto","background-attachment":"scroll","background-type":"","background-media":"","overlay-type":"","overlay-color":"","overlay-opacity":"","overlay-gradient":""},"mobile":{"background-color":"var(--ast-global-color-5)","background-image":"","background-repeat":"repeat","background-position":"center center","background-size":"auto","background-attachment":"scroll","background-type":"","background-media":"","overlay-type":"","overlay-color":"","overlay-opacity":"","overlay-gradient":""}},"footnotes":""},"class_list":["post-1083","page","type-page","status-publish","hentry"],"uagb_featured_image_src":{"full":false,"thumbnail":false,"medium":false,"medium_large":false,"large":false,"1536x1536":false,"2048x2048":false,"trp-custom-language-flag":false,"sow-carousel-default":false},"uagb_author_info":{"display_name":"admin","author_link":"https:\/\/jusserissanen.fi\/en\/author\/admin\/"},"uagb_comment_info":0,"uagb_excerpt":"\/asianajaja\/ Jusse Rissanen Tel: +358 400 416 338 \/ Email: jusse@rissanenlaw.fi Asianajaja Jusse Rissasella on yli kahdenkymmenen vuoden monipuolinen kokemus juristin teht\u00e4vist\u00e4 eri asianajotoimistoissa. Ennen oman toimiston perustamista h\u00e4n toimi osakkaana yhdess\u00e4 Suomen vanhimmista asianajotoimistoista. Jusse on ker\u00e4nnyt laaja-alaista kokemusta eri oikeudenaloilta toimiessaan eri asiantuntijaryhmiss\u00e4 sek\u00e4 muun muassa vet\u00e4en suuremman asianajotoimiston ty\u00f6oikeusryhm\u00e4\u00e4. H\u00e4nell\u00e4 on my\u00f6s&hellip;","_links":{"self":[{"href":"https:\/\/jusserissanen.fi\/en\/wp-json\/wp\/v2\/pages\/1083","targetHints":{"allow":["GET"]}}],"collection":[{"href":"https:\/\/jusserissanen.fi\/en\/wp-json\/wp\/v2\/pages"}],"about":[{"href":"https:\/\/jusserissanen.fi\/en\/wp-json\/wp\/v2\/types\/page"}],"author":[{"embeddable":true,"href":"https:\/\/jusserissanen.fi\/en\/wp-json\/wp\/v2\/users\/1"}],"replies":[{"embeddable":true,"href":"https:\/\/jusserissanen.fi\/en\/wp-json\/wp\/v2\/comments?post=1083"}],"version-history":[{"count":177,"href":"https:\/\/jusserissanen.fi\/en\/wp-json\/wp\/v2\/pages\/1083\/revisions"}],"predecessor-version":[{"id":1888,"href":"https:\/\/jusserissanen.fi\/en\/wp-json\/wp\/v2\/pages\/1083\/revisions\/1888"}],"wp:attachment":[{"href":"https:\/\/jusserissanen.fi\/en\/wp-json\/wp\/v2\/media?parent=1083"}],"curies":[{"name":"wp","href":"https:\/\/api.w.org\/{rel}","templated":true}]}}