{"id":1257,"date":"2022-10-06T11:19:15","date_gmt":"2022-10-06T08:19:15","guid":{"rendered":"https:\/\/jusserissanen.fi\/?page_id=1257"},"modified":"2025-10-09T10:54:02","modified_gmt":"2025-10-09T07:54:02","slug":"palvelut","status":"publish","type":"page","link":"https:\/\/jusserissanen.fi\/en\/palvelut\/","title":{"rendered":"Practices"},"content":{"rendered":"<div data-elementor-type=\"wp-page\" data-elementor-id=\"1257\" class=\"elementor elementor-1257\">\n\t\t\t\t\t\t<section class=\"elementor-section elementor-top-section elementor-element elementor-element-2f236251 elementor-section-boxed elementor-section-height-default elementor-section-height-default\" data-id=\"2f236251\" data-element_type=\"section\" data-settings=\"{&quot;background_background&quot;:&quot;classic&quot;}\">\n\t\t\t\t\t\t<div class=\"elementor-container elementor-column-gap-default\">\n\t\t\t\t\t<div class=\"elementor-column elementor-col-100 elementor-top-column elementor-element elementor-element-1c35f766\" data-id=\"1c35f766\" data-element_type=\"column\">\n\t\t\t<div class=\"elementor-widget-wrap elementor-element-populated\">\n\t\t\t\t\t\t<div class=\"elementor-element elementor-element-2aec3453 elementor-widget elementor-widget-heading\" data-id=\"2aec3453\" data-element_type=\"widget\" data-widget_type=\"heading.default\">\n\t\t\t\t<div class=\"elementor-widget-container\">\n\t\t\t\t\t<h2 class=\"elementor-heading-title elementor-size-default\">\/asianajotoimisto jusse rissanen\/<\/h2>\t\t\t\t<\/div>\n\t\t\t\t<\/div>\n\t\t\t\t<div class=\"elementor-element elementor-element-1aacba25 elementor-widget elementor-widget-heading\" data-id=\"1aacba25\" data-element_type=\"widget\" data-widget_type=\"heading.default\">\n\t\t\t\t<div class=\"elementor-widget-container\">\n\t\t\t\t\t<h1 class=\"elementor-heading-title elementor-size-default\">Practices<\/h1>\t\t\t\t<\/div>\n\t\t\t\t<\/div>\n\t\t\t\t<div class=\"elementor-element elementor-element-4b03b10 elementor-widget elementor-widget-image\" data-id=\"4b03b10\" data-element_type=\"widget\" data-widget_type=\"image.default\">\n\t\t\t\t<div class=\"elementor-widget-container\">\n\t\t\t\t\t\t\t\t\t\t\t\t\t\t\t<img fetchpriority=\"high\" decoding=\"async\" width=\"768\" height=\"432\" src=\"https:\/\/jusserissanen.fi\/wp-content\/uploads\/2022\/10\/clouds-3676703_1920-768x432.jpg\" class=\"attachment-medium_large size-medium_large wp-image-1198\" alt=\"\" srcset=\"https:\/\/jusserissanen.fi\/wp-content\/uploads\/2022\/10\/clouds-3676703_1920-768x432.jpg 768w, https:\/\/jusserissanen.fi\/wp-content\/uploads\/2022\/10\/clouds-3676703_1920-300x169.jpg 300w, https:\/\/jusserissanen.fi\/wp-content\/uploads\/2022\/10\/clouds-3676703_1920-1024x576.jpg 1024w, https:\/\/jusserissanen.fi\/wp-content\/uploads\/2022\/10\/clouds-3676703_1920-1536x864.jpg 1536w, https:\/\/jusserissanen.fi\/wp-content\/uploads\/2022\/10\/clouds-3676703_1920-18x10.jpg 18w, https:\/\/jusserissanen.fi\/wp-content\/uploads\/2022\/10\/clouds-3676703_1920.jpg 1920w\" sizes=\"(max-width: 768px) 100vw, 768px\" \/>\t\t\t\t\t\t\t\t\t\t\t\t\t\t\t<\/div>\n\t\t\t\t<\/div>\n\t\t\t\t\t<\/div>\n\t\t<\/div>\n\t\t\t\t\t<\/div>\n\t\t<\/section>\n\t\t\t\t<section class=\"elementor-section elementor-top-section elementor-element elementor-element-4fb8a698 elementor-section-full_width elementor-section-height-min-height elementor-section-height-default elementor-section-items-middle\" data-id=\"4fb8a698\" data-element_type=\"section\" data-settings=\"{&quot;background_background&quot;:&quot;classic&quot;}\">\n\t\t\t\t\t\t<div class=\"elementor-container elementor-column-gap-default\">\n\t\t\t\t\t<div class=\"elementor-column elementor-col-50 elementor-top-column elementor-element elementor-element-21cdb35b\" data-id=\"21cdb35b\" data-element_type=\"column\">\n\t\t\t<div class=\"elementor-widget-wrap elementor-element-populated\">\n\t\t\t\t\t\t<div class=\"elementor-element elementor-element-3fdfaa53 elementor-absolute elementor-widget__width-initial elementor-widget-tablet__width-inherit elementor-widget elementor-widget-heading\" data-id=\"3fdfaa53\" data-element_type=\"widget\" data-settings=\"{&quot;_position&quot;:&quot;absolute&quot;}\" data-widget_type=\"heading.default\">\n\t\t\t\t<div class=\"elementor-widget-container\">\n\t\t\t\t\t<h2 class=\"elementor-heading-title elementor-size-default\">Keskitymme siihen mink\u00e4 osaamme<\/h2>\t\t\t\t<\/div>\n\t\t\t\t<\/div>\n\t\t\t\t\t<\/div>\n\t\t<\/div>\n\t\t\t\t<div class=\"elementor-column elementor-col-50 elementor-top-column elementor-element elementor-element-7c42044e\" data-id=\"7c42044e\" data-element_type=\"column\">\n\t\t\t<div class=\"elementor-widget-wrap elementor-element-populated\">\n\t\t\t\t\t\t<div class=\"elementor-element elementor-element-39882f94 elementor-widget__width-initial elementor-absolute elementor-widget elementor-widget-text-editor\" data-id=\"39882f94\" data-element_type=\"widget\" data-settings=\"{&quot;_position&quot;:&quot;absolute&quot;}\" data-widget_type=\"text-editor.default\">\n\t\t\t\t<div class=\"elementor-widget-container\">\n\t\t\t\t\t\t\t\t\t<p>Asianajaja Jusse Rissanen tarjoaa asiakkailleen luotettavaa oikeudellista asiantuntemusta toimeksiantoon aina sitoutuen.<\/p><p>Tarjoamme oikeudellista asiantuntemusta erityisesti seuraavilla aloilla.<\/p>\t\t\t\t\t\t\t\t<\/div>\n\t\t\t\t<\/div>\n\t\t\t\t\t<\/div>\n\t\t<\/div>\n\t\t\t\t\t<\/div>\n\t\t<\/section>\n\t\t\t\t<section class=\"elementor-section elementor-top-section elementor-element elementor-element-267639a elementor-section-content-middle elementor-section-boxed elementor-section-height-default elementor-section-height-default\" data-id=\"267639a\" data-element_type=\"section\" data-settings=\"{&quot;background_background&quot;:&quot;classic&quot;}\">\n\t\t\t\t\t\t<div class=\"elementor-container elementor-column-gap-no\">\n\t\t\t\t\t<div class=\"elementor-column elementor-col-100 elementor-top-column elementor-element elementor-element-2dd79cd8\" data-id=\"2dd79cd8\" data-element_type=\"column\">\n\t\t\t<div class=\"elementor-widget-wrap elementor-element-populated\">\n\t\t\t\t\t\t<section class=\"elementor-section elementor-inner-section elementor-element elementor-element-217dd98a elementor-section-boxed elementor-section-height-default elementor-section-height-default\" data-id=\"217dd98a\" data-element_type=\"section\">\n\t\t\t\t\t\t<div class=\"elementor-container elementor-column-gap-default\">\n\t\t\t\t\t<div class=\"elementor-column elementor-col-50 elementor-inner-column elementor-element elementor-element-3bdf52c0\" data-id=\"3bdf52c0\" data-element_type=\"column\">\n\t\t\t<div class=\"elementor-widget-wrap elementor-element-populated\">\n\t\t\t\t\t\t<div class=\"elementor-element elementor-element-723273b8 elementor-widget__width-initial elementor-widget-tablet__width-initial elementor-widget-mobile__width-initial elementor-widget elementor-widget-icon-box\" data-id=\"723273b8\" data-element_type=\"widget\" data-widget_type=\"icon-box.default\">\n\t\t\t\t<div class=\"elementor-widget-container\">\n\t\t\t\t\t\t\t<div class=\"elementor-icon-box-wrapper\">\n\n\t\t\t\n\t\t\t\t\t\t<div class=\"elementor-icon-box-content\">\n\n\t\t\t\t\t\t\t\t\t<h3 class=\"elementor-icon-box-title\">\n\t\t\t\t\t\t<span  >\n\t\t\t\t\t\t\tCommercial and Market Law matters\t\t\t\t\t\t<\/span>\n\t\t\t\t\t<\/h3>\n\t\t\t\t\n\t\t\t\t\t\t\t\t\t<p class=\"elementor-icon-box-description\">\n\t\t\t\t\t\tAvustamme yrityksi\u00e4 ja yhteis\u00f6j\u00e4 kaupallisissa ja markkinaoikeudellisissa asioissa kuten sopimusten ja muiden asiakirjojen laatimisessa, kaupallisissa ja sopimusoikeudellisissa erimielisyystilanteissa, yhti\u00f6oikeudellisissa asioissa, elinkeinotoimintaan liittyviss\u00e4 kysymyksiss\u00e4, vahingonkorvausasioissa, velkojien oikeuksien ajamisessa, IPR-oikeuksien puolustamisessa sek\u00e4 kaupallisissa ja markkinaoikeudellisissa oikeudenk\u00e4ynneiss\u00e4.\t\t\t\t\t<\/p>\n\t\t\t\t\n\t\t\t<\/div>\n\t\t\t\n\t\t<\/div>\n\t\t\t\t\t\t<\/div>\n\t\t\t\t<\/div>\n\t\t\t\t\t<\/div>\n\t\t<\/div>\n\t\t\t\t<div class=\"elementor-column elementor-col-50 elementor-inner-column elementor-element elementor-element-510e85c9\" data-id=\"510e85c9\" data-element_type=\"column\">\n\t\t\t<div class=\"elementor-widget-wrap elementor-element-populated\">\n\t\t\t\t\t\t<div class=\"elementor-element elementor-element-668d5fe5 elementor-widget__width-initial elementor-widget-tablet__width-initial elementor-widget elementor-widget-icon-box\" data-id=\"668d5fe5\" data-element_type=\"widget\" data-widget_type=\"icon-box.default\">\n\t\t\t\t<div class=\"elementor-widget-container\">\n\t\t\t\t\t\t\t<div class=\"elementor-icon-box-wrapper\">\n\n\t\t\t\n\t\t\t\t\t\t<div class=\"elementor-icon-box-content\">\n\n\t\t\t\t\t\t\t\t\t<h3 class=\"elementor-icon-box-title\">\n\t\t\t\t\t\t<span  >\n\t\t\t\t\t\t\tDispute Resolution and Litigation\t\t\t\t\t\t<\/span>\n\t\t\t\t\t<\/h3>\n\t\t\t\t\n\t\t\t\t\t\t\t\t\t<p class=\"elementor-icon-box-description\">\n\t\t\t\t\t\t<br>Asianajaja Jusse Rissanen edustaa asiakkaitaan s\u00e4\u00e4nn\u00f6llisesti erilaisissa riita-asioissa niin tuomioistuimissa kuin v\u00e4limiesmenettelyiss\u00e4kin. H\u00e4nell\u00e4 on monipuolinen kokemus erityisesti kaupallisten ja ty\u00f6oikeudellisten oikeudenk\u00e4yntien hoitamisesta. Riita-asioiden lis\u00e4ksi Jusse Rissanen avustaa yritys- ja yhteis\u00f6toimintaan liittyviss\u00e4 ty\u00f6turvallisuus- sek\u00e4 ns. white collar -rikosasioissa. <br><br>\t\t\t\t\t<\/p>\n\t\t\t\t\n\t\t\t<\/div>\n\t\t\t\n\t\t<\/div>\n\t\t\t\t\t\t<\/div>\n\t\t\t\t<\/div>\n\t\t\t\t\t<\/div>\n\t\t<\/div>\n\t\t\t\t\t<\/div>\n\t\t<\/section>\n\t\t\t\t<section class=\"elementor-section elementor-inner-section elementor-element elementor-element-2ee41f82 elementor-section-boxed elementor-section-height-default elementor-section-height-default\" data-id=\"2ee41f82\" data-element_type=\"section\">\n\t\t\t\t\t\t<div class=\"elementor-container elementor-column-gap-default\">\n\t\t\t\t\t<div class=\"elementor-column elementor-col-50 elementor-inner-column elementor-element elementor-element-53eb1090\" data-id=\"53eb1090\" data-element_type=\"column\">\n\t\t\t<div class=\"elementor-widget-wrap elementor-element-populated\">\n\t\t\t\t\t\t<div class=\"elementor-element elementor-element-60ab9972 elementor-widget__width-initial elementor-widget-tablet__width-initial elementor-widget elementor-widget-icon-box\" data-id=\"60ab9972\" data-element_type=\"widget\" data-widget_type=\"icon-box.default\">\n\t\t\t\t<div class=\"elementor-widget-container\">\n\t\t\t\t\t\t\t<div class=\"elementor-icon-box-wrapper\">\n\n\t\t\t\n\t\t\t\t\t\t<div class=\"elementor-icon-box-content\">\n\n\t\t\t\t\t\t\t\t\t<h3 class=\"elementor-icon-box-title\">\n\t\t\t\t\t\t<span  >\n\t\t\t\t\t\t\tLabour and Employment Law\t\t\t\t\t\t<\/span>\n\t\t\t\t\t<\/h3>\n\t\t\t\t\n\t\t\t\t\t\t\t\t\t<p class=\"elementor-icon-box-description\">\n\t\t\t\t\t\tTarjoamme oikeudellista asiantuntemusta kaikissa ty\u00f6oikeudellissa kysymyksiss\u00e4 kuten sopimusten ja muiden ty\u00f6oikeudellisten asiakirjojen laatimisessa, yhteistoimintamenettelyiss\u00e4, kansallisissa ja rajat ylitt\u00e4viss\u00e4 uudelleenj\u00e4rjestelyiss\u00e4, ty\u00f6turvallisuuskysymyksiss\u00e4 ja erimielisyyksien ratkaisemisessa sek\u00e4 oikeudenk\u00e4ynneiss\u00e4.\nAsianajaja Jusse Rissanen on kokenut ty\u00f6oikeuden osaaja. H\u00e4n neuvoo ja avustaa s\u00e4\u00e4nn\u00f6llisesti niin kotimaisia ja kansainv\u00e4lisi\u00e4 yrityksi\u00e4 sek\u00e4 yhteis\u00f6j\u00e4 kuin yksityishenkil\u00f6it\u00e4kin erilaisissa ty\u00f6oikeudellisissa kysymyksiss\u00e4. Edellisess\u00e4 teht\u00e4v\u00e4ss\u00e4\u00e4n Jusse veti yhden Suomen vanhimman asianajotoimiston ty\u00f6oikeus -ryhm\u00e4\u00e4. H\u00e4n on my\u00f6s toiminut usean vuoden ajan eurooppalaisessa European Employment Group -nimisess\u00e4 asiantuntijaryhm\u00e4ss\u00e4.\t\t\t\t\t<\/p>\n\t\t\t\t\n\t\t\t<\/div>\n\t\t\t\n\t\t<\/div>\n\t\t\t\t\t\t<\/div>\n\t\t\t\t<\/div>\n\t\t\t\t\t<\/div>\n\t\t<\/div>\n\t\t\t\t<div class=\"elementor-column elementor-col-50 elementor-inner-column elementor-element elementor-element-99f9f4d\" data-id=\"99f9f4d\" data-element_type=\"column\">\n\t\t\t<div class=\"elementor-widget-wrap elementor-element-populated\">\n\t\t\t\t\t\t<div class=\"elementor-element elementor-element-57ae774d elementor-widget__width-initial elementor-widget-tablet__width-initial elementor-widget elementor-widget-icon-box\" data-id=\"57ae774d\" data-element_type=\"widget\" data-widget_type=\"icon-box.default\">\n\t\t\t\t<div class=\"elementor-widget-container\">\n\t\t\t\t\t\t\t<div class=\"elementor-icon-box-wrapper\">\n\n\t\t\t\n\t\t\t\t\t\t<div class=\"elementor-icon-box-content\">\n\n\t\t\t\t\t\t\t\t\t<h3 class=\"elementor-icon-box-title\">\n\t\t\t\t\t\t<span  >\n\t\t\t\t\t\t\tCompliance\t\t\t\t\t\t<\/span>\n\t\t\t\t\t<\/h3>\n\t\t\t\t\n\t\t\t\t\t\t\t\t\t<p class=\"elementor-icon-box-description\">\n\t\t\t\t\t\tVastuullisuus on nykyisin entist\u00e4 t\u00e4rkemp\u00e4\u00e4 ja erilaiset compliance -kysymykset ovatkin yritysten ja yhteis\u00f6jen arkip\u00e4iv\u00e4\u00e4. Maineriskin lis\u00e4ksi vastuunsa laiminly\u00f6v\u00e4 yhteis\u00f6 \u2013 ja sen johto \u2013 altistaa itsens\u00e4 niin suurelle taloudelliselle riskille kuin entist\u00e4 useammin rikosoikeudelliseen vastuuseenkin.\nToimistomme avustaa yrityksi\u00e4, yhteis\u00f6j\u00e4 ja niiden johtoa sek\u00e4 henkil\u00f6st\u00f6\u00e4 mm. ty\u00f6el\u00e4m\u00e4\u00e4n ja ty\u00f6turvallisuuteen liittyviss\u00e4 asioissa, kilpailuoikeudellisissa asioissa, tietosuoja-asioissa, lahjonnan ja korruption ehk\u00e4isyss\u00e4, rahanpesun ja terrorismin rahoituksen torjumisessa sek\u00e4 toimitusketjuihin liittyvien riskien hallinnassa.\t\t\t\t\t<\/p>\n\t\t\t\t\n\t\t\t<\/div>\n\t\t\t\n\t\t<\/div>\n\t\t\t\t\t\t<\/div>\n\t\t\t\t<\/div>\n\t\t\t\t\t<\/div>\n\t\t<\/div>\n\t\t\t\t\t<\/div>\n\t\t<\/section>\n\t\t\t\t\t<\/div>\n\t\t<\/div>\n\t\t\t\t\t<\/div>\n\t\t<\/section>\n\t\t\t\t<section class=\"elementor-section elementor-top-section elementor-element elementor-element-7a83c14f elementor-section-content-middle elementor-reverse-mobile elementor-section-boxed elementor-section-height-default elementor-section-height-default\" data-id=\"7a83c14f\" data-element_type=\"section\">\n\t\t\t\t\t\t<div class=\"elementor-container elementor-column-gap-no\">\n\t\t\t\t\t<div class=\"elementor-column elementor-col-50 elementor-top-column elementor-element elementor-element-abd7c4d\" data-id=\"abd7c4d\" data-element_type=\"column\">\n\t\t\t<div class=\"elementor-widget-wrap elementor-element-populated\">\n\t\t\t\t\t\t<div class=\"elementor-element elementor-element-344ed2ee elementor-widget elementor-widget-google_maps\" data-id=\"344ed2ee\" data-element_type=\"widget\" data-widget_type=\"google_maps.default\">\n\t\t\t\t<div class=\"elementor-widget-container\">\n\t\t\t\t\t\t\t<div class=\"elementor-custom-embed\">\n\t\t\t<iframe loading=\"lazy\"\n\t\t\t\t\tsrc=\"https:\/\/maps.google.com\/maps?q=Antinkatu%203%20D%2C%2000100%20Helsinki&#038;t=m&#038;z=18&#038;output=embed&#038;iwloc=near\"\n\t\t\t\t\ttitle=\"Antinkatu 3 D, 00100 Helsinki\"\n\t\t\t\t\taria-label=\"Antinkatu 3 D, 00100 Helsinki\"\n\t\t\t><\/iframe>\n\t\t<\/div>\n\t\t\t\t\t\t<\/div>\n\t\t\t\t<\/div>\n\t\t\t\t\t<\/div>\n\t\t<\/div>\n\t\t\t\t<div class=\"elementor-column elementor-col-50 elementor-top-column elementor-element elementor-element-723c5d44\" data-id=\"723c5d44\" data-element_type=\"column\">\n\t\t\t<div class=\"elementor-widget-wrap elementor-element-populated\">\n\t\t\t\t\t\t<section class=\"elementor-section elementor-inner-section elementor-element elementor-element-77bcac35 elementor-section-boxed elementor-section-height-default elementor-section-height-default\" data-id=\"77bcac35\" data-element_type=\"section\">\n\t\t\t\t\t\t<div class=\"elementor-container elementor-column-gap-default\">\n\t\t\t\t\t<div class=\"elementor-column elementor-col-50 elementor-inner-column elementor-element elementor-element-17958dcf\" data-id=\"17958dcf\" data-element_type=\"column\">\n\t\t\t<div class=\"elementor-widget-wrap elementor-element-populated\">\n\t\t\t\t\t\t<div class=\"elementor-element elementor-element-39a934e1 elementor-widget-tablet__width-initial elementor-widget elementor-widget-heading\" data-id=\"39a934e1\" data-element_type=\"widget\" data-widget_type=\"heading.default\">\n\t\t\t\t<div class=\"elementor-widget-container\">\n\t\t\t\t\t<div class=\"elementor-heading-title elementor-size-default\">ASIANAJOTOIMISTO JUSSE RISSANEN OY<\/div>\t\t\t\t<\/div>\n\t\t\t\t<\/div>\n\t\t\t\t<div class=\"elementor-element elementor-element-4350d0d2 elementor-widget elementor-widget-text-editor\" data-id=\"4350d0d2\" data-element_type=\"widget\" data-widget_type=\"text-editor.default\">\n\t\t\t\t<div class=\"elementor-widget-container\">\n\t\t\t\t\t\t\t\t\t<p>T: +358 400 416 338<\/p><p>E: jusse@rissanenlaw.fi<\/p><p>A: Antinkatu 3 D 7 krs<br \/><span style=\"font-style: inherit; font-weight: inherit; background-color: var(--ast-global-color-5);\">00100 Helsinki<\/span><\/p><p>Toimisto: office@jusserissanen.fi<\/p><p><span style=\"font-style: inherit; font-weight: inherit; background-color: var(--ast-global-color-5);\">Business ID: 2952202-1<\/span><\/p><p><span style=\"font-style: inherit; font-weight: inherit; background-color: var(--ast-global-color-5);\">Registered Domicile: Helsinki, Finland<\/span><\/p>\t\t\t\t\t\t\t\t<\/div>\n\t\t\t\t<\/div>\n\t\t\t\t\t<\/div>\n\t\t<\/div>\n\t\t\t\t<div class=\"elementor-column elementor-col-50 elementor-inner-column elementor-element elementor-element-5c00f129\" data-id=\"5c00f129\" data-element_type=\"column\">\n\t\t\t<div class=\"elementor-widget-wrap elementor-element-populated\">\n\t\t\t\t\t\t<div class=\"elementor-element elementor-element-4af505b elementor-widget elementor-widget-image\" data-id=\"4af505b\" data-element_type=\"widget\" data-widget_type=\"image.default\">\n\t\t\t\t<div class=\"elementor-widget-container\">\n\t\t\t\t\t\t\t\t\t\t\t\t\t\t\t<img decoding=\"async\" width=\"1020\" height=\"1020\" src=\"https:\/\/jusserissanen.fi\/wp-content\/uploads\/2020\/03\/logo-2.jpg\" class=\"attachment-large size-large wp-image-744\" alt=\"\" srcset=\"https:\/\/jusserissanen.fi\/wp-content\/uploads\/2020\/03\/logo-2.jpg 1020w, https:\/\/jusserissanen.fi\/wp-content\/uploads\/2020\/03\/logo-2-300x300.jpg 300w, https:\/\/jusserissanen.fi\/wp-content\/uploads\/2020\/03\/logo-2-150x150.jpg 150w, https:\/\/jusserissanen.fi\/wp-content\/uploads\/2020\/03\/logo-2-768x768.jpg 768w\" sizes=\"(max-width: 1020px) 100vw, 1020px\" \/>\t\t\t\t\t\t\t\t\t\t\t\t\t\t\t<\/div>\n\t\t\t\t<\/div>\n\t\t\t\t<div class=\"elementor-element elementor-element-ddbfff7 elementor-shape-square e-grid-align-left elementor-grid-0 elementor-widget elementor-widget-social-icons\" data-id=\"ddbfff7\" data-element_type=\"widget\" data-widget_type=\"social-icons.default\">\n\t\t\t\t<div class=\"elementor-widget-container\">\n\t\t\t\t\t\t\t<div class=\"elementor-social-icons-wrapper elementor-grid\">\n\t\t\t\t\t\t\t<span class=\"elementor-grid-item\">\n\t\t\t\t\t<a class=\"elementor-icon elementor-social-icon elementor-social-icon-twitter elementor-animation-grow elementor-repeater-item-914746e\" href=\"https:\/\/twitter.com\/jusserissanen\" target=\"_blank\">\n\t\t\t\t\t\t<span class=\"elementor-screen-only\">Twitter<\/span>\n\t\t\t\t\t\t<i aria-hidden=\"true\" class=\"fab fa-twitter\"><\/i>\t\t\t\t\t<\/a>\n\t\t\t\t<\/span>\n\t\t\t\t\t<\/div>\n\t\t\t\t\t\t<\/div>\n\t\t\t\t<\/div>\n\t\t\t\t\t<\/div>\n\t\t<\/div>\n\t\t\t\t\t<\/div>\n\t\t<\/section>\n\t\t\t\t\t<\/div>\n\t\t<\/div>\n\t\t\t\t\t<\/div>\n\t\t<\/section>\n\t\t\t\t<section class=\"elementor-section elementor-top-section elementor-element elementor-element-83f728a elementor-section-boxed elementor-section-height-default elementor-section-height-default\" data-id=\"83f728a\" data-element_type=\"section\">\n\t\t\t\t\t\t<div class=\"elementor-container elementor-column-gap-default\">\n\t\t\t\t\t<div class=\"elementor-column elementor-col-100 elementor-top-column elementor-element elementor-element-1e16fea\" data-id=\"1e16fea\" data-element_type=\"column\">\n\t\t\t<div class=\"elementor-widget-wrap elementor-element-populated\">\n\t\t\t\t\t\t<div class=\"elementor-element elementor-element-44bbf46 elementor-widget-divider--view-line elementor-widget elementor-widget-divider\" data-id=\"44bbf46\" data-element_type=\"widget\" data-widget_type=\"divider.default\">\n\t\t\t\t<div class=\"elementor-widget-container\">\n\t\t\t\t\t\t\t<div class=\"elementor-divider\">\n\t\t\t<span class=\"elementor-divider-separator\">\n\t\t\t\t\t\t<\/span>\n\t\t<\/div>\n\t\t\t\t\t\t<\/div>\n\t\t\t\t<\/div>\n\t\t\t\t\t<\/div>\n\t\t<\/div>\n\t\t\t\t\t<\/div>\n\t\t<\/section>\n\t\t\t\t<\/div>","protected":false},"excerpt":{"rendered":"<p>\/asianajotoimisto jusse rissanen\/ Palvelut Keskitymme siihen mink\u00e4 osaamme Asianajaja Jusse Rissanen tarjoaa asiakkailleen luotettavaa oikeudellista asiantuntemusta toimeksiantoon aina sitoutuen. Tarjoamme oikeudellista asiantuntemusta erityisesti seuraavilla aloilla. Kaupalliset ja markkinaoikeudelliset asiat Avustamme yrityksi\u00e4 ja yhteis\u00f6j\u00e4 kaupallisissa ja markkinaoikeudellisissa asioissa kuten sopimusten ja muiden asiakirjojen laatimisessa, kaupallisissa ja sopimusoikeudellisissa erimielisyystilanteissa, yhti\u00f6oikeudellisissa asioissa, elinkeinotoimintaan liittyviss\u00e4 kysymyksiss\u00e4, vahingonkorvausasioissa, velkojien oikeuksien [&hellip;]<\/p>","protected":false},"author":1,"featured_media":0,"parent":0,"menu_order":0,"comment_status":"closed","ping_status":"closed","template":"elementor_header_footer","meta":{"_uag_custom_page_level_css":"","site-sidebar-layout":"default","site-content-layout":"","ast-site-content-layout":"default","site-content-style":"default","site-sidebar-style":"default","ast-global-header-display":"","ast-banner-title-visibility":"","ast-main-header-display":"","ast-hfb-above-header-display":"","ast-hfb-below-header-display":"","ast-hfb-mobile-header-display":"","site-post-title":"","ast-breadcrumbs-content":"","ast-featured-img":"","footer-sml-layout":"","theme-transparent-header-meta":"","adv-header-id-meta":"","stick-header-meta":"","header-above-stick-meta":"","header-main-stick-meta":"","header-below-stick-meta":"","astra-migrate-meta-layouts":"default","ast-page-background-enabled":"default","ast-page-background-meta":{"desktop":{"background-color":"var(--ast-global-color-4)","background-image":"","background-repeat":"repeat","background-position":"center center","background-size":"auto","background-attachment":"scroll","background-type":"","background-media":"","overlay-type":"","overlay-color":"","overlay-opacity":"","overlay-gradient":""},"tablet":{"background-color":"","background-image":"","background-repeat":"repeat","background-position":"center center","background-size":"auto","background-attachment":"scroll","background-type":"","background-media":"","overlay-type":"","overlay-color":"","overlay-opacity":"","overlay-gradient":""},"mobile":{"background-color":"","background-image":"","background-repeat":"repeat","background-position":"center center","background-size":"auto","background-attachment":"scroll","background-type":"","background-media":"","overlay-type":"","overlay-color":"","overlay-opacity":"","overlay-gradient":""}},"ast-content-background-meta":{"desktop":{"background-color":"var(--ast-global-color-5)","background-image":"","background-repeat":"repeat","background-position":"center center","background-size":"auto","background-attachment":"scroll","background-type":"","background-media":"","overlay-type":"","overlay-color":"","overlay-opacity":"","overlay-gradient":""},"tablet":{"background-color":"var(--ast-global-color-5)","background-image":"","background-repeat":"repeat","background-position":"center center","background-size":"auto","background-attachment":"scroll","background-type":"","background-media":"","overlay-type":"","overlay-color":"","overlay-opacity":"","overlay-gradient":""},"mobile":{"background-color":"var(--ast-global-color-5)","background-image":"","background-repeat":"repeat","background-position":"center center","background-size":"auto","background-attachment":"scroll","background-type":"","background-media":"","overlay-type":"","overlay-color":"","overlay-opacity":"","overlay-gradient":""}},"footnotes":""},"class_list":["post-1257","page","type-page","status-publish","hentry"],"uagb_featured_image_src":{"full":false,"thumbnail":false,"medium":false,"medium_large":false,"large":false,"1536x1536":false,"2048x2048":false,"trp-custom-language-flag":false,"sow-carousel-default":false},"uagb_author_info":{"display_name":"admin","author_link":"https:\/\/jusserissanen.fi\/en\/author\/admin\/"},"uagb_comment_info":0,"uagb_excerpt":"\/asianajotoimisto jusse rissanen\/ Palvelut Keskitymme siihen mink\u00e4 osaamme Asianajaja Jusse Rissanen tarjoaa asiakkailleen luotettavaa oikeudellista asiantuntemusta toimeksiantoon aina sitoutuen. Tarjoamme oikeudellista asiantuntemusta erityisesti seuraavilla aloilla. Kaupalliset ja markkinaoikeudelliset asiat Avustamme yrityksi\u00e4 ja yhteis\u00f6j\u00e4 kaupallisissa ja markkinaoikeudellisissa asioissa kuten sopimusten ja muiden asiakirjojen laatimisessa, kaupallisissa ja sopimusoikeudellisissa erimielisyystilanteissa, yhti\u00f6oikeudellisissa asioissa, elinkeinotoimintaan liittyviss\u00e4 kysymyksiss\u00e4, vahingonkorvausasioissa, velkojien oikeuksien&hellip;","_links":{"self":[{"href":"https:\/\/jusserissanen.fi\/en\/wp-json\/wp\/v2\/pages\/1257","targetHints":{"allow":["GET"]}}],"collection":[{"href":"https:\/\/jusserissanen.fi\/en\/wp-json\/wp\/v2\/pages"}],"about":[{"href":"https:\/\/jusserissanen.fi\/en\/wp-json\/wp\/v2\/types\/page"}],"author":[{"embeddable":true,"href":"https:\/\/jusserissanen.fi\/en\/wp-json\/wp\/v2\/users\/1"}],"replies":[{"embeddable":true,"href":"https:\/\/jusserissanen.fi\/en\/wp-json\/wp\/v2\/comments?post=1257"}],"version-history":[{"count":129,"href":"https:\/\/jusserissanen.fi\/en\/wp-json\/wp\/v2\/pages\/1257\/revisions"}],"predecessor-version":[{"id":1879,"href":"https:\/\/jusserissanen.fi\/en\/wp-json\/wp\/v2\/pages\/1257\/revisions\/1879"}],"wp:attachment":[{"href":"https:\/\/jusserissanen.fi\/en\/wp-json\/wp\/v2\/media?parent=1257"}],"curies":[{"name":"wp","href":"https:\/\/api.w.org\/{rel}","templated":true}]}}